{"id":901,"date":"2024-11-24T18:31:14","date_gmt":"2024-11-24T21:31:14","guid":{"rendered":"http:\/\/lifebrand.com.br\/clientes\/gazeta\/?page_id=901"},"modified":"2025-01-21T15:14:50","modified_gmt":"2025-01-21T18:14:50","slug":"radio-litoral-sul-lf","status":"publish","type":"page","link":"https:\/\/lifebrand.com.br\/clientes\/gazeta\/veiculos-e-negocios\/radio-litoral-sul-lf\/","title":{"rendered":"LF &#8212; R\u00e1dio Litoral Sul"},"content":{"rendered":"\t\t<div data-elementor-type=\"wp-page\" data-elementor-id=\"901\" class=\"elementor elementor-901\" data-elementor-post-type=\"page\">\n\t\t\t\t<div class=\"elementor-element elementor-element-06c025d e-flex e-con-boxed e-con e-parent\" data-id=\"06c025d\" data-element_type=\"container\" data-settings=\"{&quot;background_background&quot;:&quot;classic&quot;}\">\n\t\t\t\t\t<div class=\"e-con-inner\">\n\t\t\t\t<div class=\"elementor-element elementor-element-a3f7b07 elementor-widget__width-initial elementor-invisible elementor-widget elementor-widget-theme-post-title elementor-page-title elementor-widget-heading\" data-id=\"a3f7b07\" data-element_type=\"widget\" data-settings=\"{&quot;_animation&quot;:&quot;fadeInUp&quot;}\" data-widget_type=\"theme-post-title.default\">\n\t\t\t\t\t<h1 class=\"elementor-heading-title elementor-size-default\">LF &#8212; R\u00e1dio Litoral Sul<\/h1>\t\t\t\t<\/div>\n\t\t\t\t\t<\/div>\n\t\t\t\t<\/div>\n\t\t<div class=\"elementor-element elementor-element-c07a8e2 e-flex e-con-boxed e-con e-parent\" data-id=\"c07a8e2\" data-element_type=\"container\">\n\t\t\t\t\t<div class=\"e-con-inner\">\n\t\t<div class=\"elementor-element elementor-element-bed421a e-con-full e-flex e-con e-child\" data-id=\"bed421a\" data-element_type=\"container\">\n\t\t<div class=\"elementor-element elementor-element-8193ef5 e-con-full e-flex elementor-invisible e-con e-child\" data-id=\"8193ef5\" data-element_type=\"container\" data-settings=\"{&quot;animation&quot;:&quot;fadeInUp&quot;}\">\n\t\t\t\t<div class=\"elementor-element elementor-element-0772f43 elementor-widget__width-initial elementor-widget elementor-widget-heading\" data-id=\"0772f43\" data-element_type=\"widget\" data-widget_type=\"heading.default\">\n\t\t\t\t\t<h2 class=\"elementor-heading-title elementor-size-default\">O melhor da regi\u00e3o Sul perto de voc\u00ea<\/h2>\t\t\t\t<\/div>\n\t\t\t\t<div class=\"elementor-element elementor-element-eb5b419 elementor-widget elementor-widget-heading\" data-id=\"eb5b419\" data-element_type=\"widget\" data-widget_type=\"heading.default\">\n\t\t\t\t\t<p class=\"elementor-heading-title elementor-size-default\">(Sintonize 101,1 FM)<\/p>\t\t\t\t<\/div>\n\t\t\t\t<div class=\"elementor-element elementor-element-d1482fd elementor-widget elementor-widget-image\" data-id=\"d1482fd\" data-element_type=\"widget\" data-widget_type=\"image.default\">\n\t\t\t\t\t\t\t\t\t\t\t\t\t\t\t<img fetchpriority=\"high\" decoding=\"async\" width=\"800\" height=\"600\" src=\"https:\/\/lifebrand.com.br\/clientes\/gazeta\/wp-content\/uploads\/2024\/11\/thumb-videos.png\" class=\"attachment-large size-large wp-image-671\" alt=\"\" srcset=\"https:\/\/lifebrand.com.br\/clientes\/gazeta\/wp-content\/uploads\/2024\/11\/thumb-videos.png 844w, https:\/\/lifebrand.com.br\/clientes\/gazeta\/wp-content\/uploads\/2024\/11\/thumb-videos-300x225.png 300w, https:\/\/lifebrand.com.br\/clientes\/gazeta\/wp-content\/uploads\/2024\/11\/thumb-videos-768x576.png 768w\" sizes=\"(max-width: 800px) 100vw, 800px\" \/>\t\t\t\t\t\t\t\t\t\t\t\t\t\t\t<\/div>\n\t\t\t\t<\/div>\n\t\t<div class=\"elementor-element elementor-element-1a4c75c e-con-full elementor-hidden-mobile e-flex e-con e-child\" data-id=\"1a4c75c\" data-element_type=\"container\">\n\t\t\t\t<div class=\"elementor-element elementor-element-97ed502 elementor-widget__width-initial elementor-invisible elementor-widget elementor-widget-shortcode\" data-id=\"97ed502\" data-element_type=\"widget\" data-settings=\"{&quot;_animation&quot;:&quot;fadeInUp&quot;}\" data-widget_type=\"shortcode.default\">\n\t\t\t\t\t\t\t<div class=\"elementor-shortcode\">\t\t<div data-elementor-type=\"page\" data-elementor-id=\"844\" class=\"elementor elementor-844\" data-elementor-post-type=\"elementor_library\">\n\t\t\t\t<div class=\"elementor-element elementor-element-afad8dd e-flex e-con-boxed e-con e-parent\" data-id=\"afad8dd\" data-element_type=\"container\">\n\t\t\t\t\t<div class=\"e-con-inner\">\n\t\t\t\t<div class=\"elementor-element elementor-element-c36e04c elementor-align-justify elementor-widget elementor-widget-button\" data-id=\"c36e04c\" data-element_type=\"widget\" data-widget_type=\"button.default\">\n\t\t\t\t\t\t\t\t\t\t<a class=\"elementor-button elementor-button-link elementor-size-sm\" href=\"http:\/\/lifebrand.com.br\/clientes\/gazeta\/veiculos-e-negocios\/radio-gazeta-fm\/\">\n\t\t\t\t\t\t<span class=\"elementor-button-content-wrapper\">\n\t\t\t\t\t\t\t\t\t<span class=\"elementor-button-text\">Gazeta FM - Vit\u00f3ria<\/span>\n\t\t\t\t\t<\/span>\n\t\t\t\t\t<\/a>\n\t\t\t\t\t\t\t\t<\/div>\n\t\t\t\t<div class=\"elementor-element elementor-element-2e6f807 elementor-align-justify elementor-widget elementor-widget-button\" data-id=\"2e6f807\" data-element_type=\"widget\" data-widget_type=\"button.default\">\n\t\t\t\t\t\t\t\t\t\t<a class=\"elementor-button elementor-button-link elementor-size-sm\" href=\"http:\/\/lifebrand.com.br\/clientes\/gazeta\/veiculos-e-negocios\/radio-gazeta-fm-linhares\/\">\n\t\t\t\t\t\t<span class=\"elementor-button-content-wrapper\">\n\t\t\t\t\t\t\t\t\t<span class=\"elementor-button-text\">Gazeta FM - Linhares<\/span>\n\t\t\t\t\t<\/span>\n\t\t\t\t\t<\/a>\n\t\t\t\t\t\t\t\t<\/div>\n\t\t\t\t<div class=\"elementor-element elementor-element-980718d elementor-align-justify elementor-widget elementor-widget-button\" data-id=\"980718d\" data-element_type=\"widget\" data-widget_type=\"button.default\">\n\t\t\t\t\t\t\t\t\t\t<a class=\"elementor-button elementor-button-link elementor-size-sm\" href=\"http:\/\/lifebrand.com.br\/clientes\/gazeta\/veiculos-e-negocios\/radio-litoral\/\">\n\t\t\t\t\t\t<span class=\"elementor-button-content-wrapper\">\n\t\t\t\t\t\t\t\t\t<span class=\"elementor-button-text\">Litoral FM - Vit\u00f3ria<\/span>\n\t\t\t\t\t<\/span>\n\t\t\t\t\t<\/a>\n\t\t\t\t\t\t\t\t<\/div>\n\t\t\t\t<div class=\"elementor-element elementor-element-62b8c81 elementor-align-justify elementor-widget elementor-widget-button\" data-id=\"62b8c81\" data-element_type=\"widget\" data-widget_type=\"button.default\">\n\t\t\t\t\t\t\t\t\t\t<a class=\"elementor-button elementor-button-link elementor-size-sm\" href=\"http:\/\/lifebrand.com.br\/clientes\/gazeta\/veiculos-e-negocios\/radio-litoral-noroeste\/\">\n\t\t\t\t\t\t<span class=\"elementor-button-content-wrapper\">\n\t\t\t\t\t\t\t\t\t<span class=\"elementor-button-text\">Litoral FM - Colatina<\/span>\n\t\t\t\t\t<\/span>\n\t\t\t\t\t<\/a>\n\t\t\t\t\t\t\t\t<\/div>\n\t\t\t\t<div class=\"elementor-element elementor-element-01d765c elementor-align-justify elementor-widget elementor-widget-button\" data-id=\"01d765c\" data-element_type=\"widget\" data-widget_type=\"button.default\">\n\t\t\t\t\t\t\t\t\t\t<a class=\"elementor-button elementor-button-link elementor-size-sm\" href=\"http:\/\/lifebrand.com.br\/clientes\/gazeta\/veiculos-e-negocios\/radio-litoral-norte\/\">\n\t\t\t\t\t\t<span class=\"elementor-button-content-wrapper\">\n\t\t\t\t\t\t\t\t\t<span class=\"elementor-button-text\">Litoral FM - Linhares<\/span>\n\t\t\t\t\t<\/span>\n\t\t\t\t\t<\/a>\n\t\t\t\t\t\t\t\t<\/div>\n\t\t\t\t<div class=\"elementor-element elementor-element-1450f76 elementor-align-justify elementor-widget elementor-widget-button\" data-id=\"1450f76\" data-element_type=\"widget\" data-widget_type=\"button.default\">\n\t\t\t\t\t\t\t\t\t\t<a class=\"elementor-button elementor-button-link elementor-size-sm\" href=\"http:\/\/lifebrand.com.br\/clientes\/gazeta\/veiculos-e-negocios\/radio-litoral-sul\/\">\n\t\t\t\t\t\t<span class=\"elementor-button-content-wrapper\">\n\t\t\t\t\t\t\t\t\t<span class=\"elementor-button-text\">Litoral FM - Cachoeiro<\/span>\n\t\t\t\t\t<\/span>\n\t\t\t\t\t<\/a>\n\t\t\t\t\t\t\t\t<\/div>\n\t\t\t\t<div class=\"elementor-element elementor-element-e3d7798 elementor-align-justify elementor-widget elementor-widget-button\" data-id=\"e3d7798\" data-element_type=\"widget\" data-widget_type=\"button.default\">\n\t\t\t\t\t\t\t\t\t\t<a class=\"elementor-button elementor-button-link elementor-size-sm\" href=\"http:\/\/lifebrand.com.br\/clientes\/gazeta\/veiculos-e-negocios\/radio-mix\/\">\n\t\t\t\t\t\t<span class=\"elementor-button-content-wrapper\">\n\t\t\t\t\t\t\t\t\t<span class=\"elementor-button-text\">MIX Vit\u00f3ria<\/span>\n\t\t\t\t\t<\/span>\n\t\t\t\t\t<\/a>\n\t\t\t\t\t\t\t\t<\/div>\n\t\t\t\t<div class=\"elementor-element elementor-element-875c0c8 elementor-align-justify elementor-widget elementor-widget-button\" data-id=\"875c0c8\" data-element_type=\"widget\" data-widget_type=\"button.default\">\n\t\t\t\t\t\t\t\t\t\t<a class=\"elementor-button elementor-button-link elementor-size-sm\" href=\"http:\/\/lifebrand.com.br\/clientes\/gazeta\/veiculos-e-negocios\/radio-cbn-vitoria\/\">\n\t\t\t\t\t\t<span class=\"elementor-button-content-wrapper\">\n\t\t\t\t\t\t\t\t\t<span class=\"elementor-button-text\">CBN Vit\u00f3ria<\/span>\n\t\t\t\t\t<\/span>\n\t\t\t\t\t<\/a>\n\t\t\t\t\t\t\t\t<\/div>\n\t\t\t\t\t<\/div>\n\t\t\t\t<\/div>\n\t\t\t\t<\/div>\n\t\t<\/div>\n\t\t\t\t\t\t<\/div>\n\t\t\t\t<\/div>\n\t\t\t\t<\/div>\n\t\t<div class=\"elementor-element elementor-element-01d0397 e-con-full e-flex e-con e-child\" data-id=\"01d0397\" data-element_type=\"container\">\n\t\t<div class=\"elementor-element elementor-element-ff5483a e-con-full e-flex elementor-invisible e-con e-child\" data-id=\"ff5483a\" data-element_type=\"container\" data-settings=\"{&quot;animation&quot;:&quot;fadeInUp&quot;}\">\n\t\t\t\t<div class=\"elementor-element elementor-element-125c3dd elementor-widget elementor-widget-text-editor\" data-id=\"125c3dd\" data-element_type=\"widget\" data-widget_type=\"text-editor.default\">\n\t\t\t\t\t\t\t\t\t<p>Lan\u00e7ada no dia 22 de janeiro de 2018, a R\u00e1dio Litoral Sul chegou no Esp\u00edrito Santo para completar nossa rede Litoral. Localizada na Regional Sul, em Cachoeiro de Itapemirim, a emissora cobre 11 munic\u00edpios da regi\u00e3o.<\/p><p>A programa\u00e7\u00e3o conta com muita m\u00fasica, brincadeiras e promo\u00e7\u00f5es conduzidas pelos nossos comunicadores, que s\u00e3o conhecidos por terem um contato pr\u00f3ximo com as comunidades.<\/p><p>A programa\u00e7\u00e3o da r\u00e1dio Litoral Sul pode ser ouvida na frequ\u00eancia 101.1 FM.<\/p><p><strong>Fale com a Litoral<\/strong><\/p><p><strong>Para o ouvinte:<\/strong><br \/>WhatsApp: (28) 99918-3488<\/p>\t\t\t\t\t\t\t\t<\/div>\n\t\t\t\t<div class=\"elementor-element elementor-element-8157b2d elementor-mobile-align-justify elementor-widget elementor-widget-button\" data-id=\"8157b2d\" data-element_type=\"widget\" data-widget_type=\"button.default\">\n\t\t\t\t\t\t\t\t\t\t<a class=\"elementor-button elementor-button-link elementor-size-sm\" href=\"#\">\n\t\t\t\t\t\t<span class=\"elementor-button-content-wrapper\">\n\t\t\t\t\t\t\t\t\t<span class=\"elementor-button-text\">Ir para Site<\/span>\n\t\t\t\t\t<\/span>\n\t\t\t\t\t<\/a>\n\t\t\t\t\t\t\t\t<\/div>\n\t\t\t\t<\/div>\n\t\t\t\t<\/div>\n\t\t\t\t\t<\/div>\n\t\t\t\t<\/div>\n\t\t<div class=\"elementor-element elementor-element-fe044a1 e-flex e-con-boxed e-con e-child\" data-id=\"fe044a1\" data-element_type=\"container\">\n\t\t\t\t\t<div class=\"e-con-inner\">\n\t\t\t\t<div class=\"elementor-element elementor-element-34c02c1 elementor-widget__width-initial elementor-hidden-desktop elementor-hidden-laptop elementor-hidden-tablet elementor-widget elementor-widget-shortcode\" data-id=\"34c02c1\" data-element_type=\"widget\" data-widget_type=\"shortcode.default\">\n\t\t\t\t\t\t\t<div class=\"elementor-shortcode\">\t\t<div data-elementor-type=\"page\" data-elementor-id=\"844\" class=\"elementor elementor-844\" data-elementor-post-type=\"elementor_library\">\n\t\t\t\t<div class=\"elementor-element elementor-element-afad8dd e-flex e-con-boxed e-con e-parent\" data-id=\"afad8dd\" data-element_type=\"container\">\n\t\t\t\t\t<div class=\"e-con-inner\">\n\t\t\t\t<div class=\"elementor-element elementor-element-c36e04c elementor-align-justify elementor-widget elementor-widget-button\" data-id=\"c36e04c\" data-element_type=\"widget\" data-widget_type=\"button.default\">\n\t\t\t\t\t\t\t\t\t\t<a class=\"elementor-button elementor-button-link elementor-size-sm\" href=\"http:\/\/lifebrand.com.br\/clientes\/gazeta\/veiculos-e-negocios\/radio-gazeta-fm\/\">\n\t\t\t\t\t\t<span class=\"elementor-button-content-wrapper\">\n\t\t\t\t\t\t\t\t\t<span class=\"elementor-button-text\">Gazeta FM - Vit\u00f3ria<\/span>\n\t\t\t\t\t<\/span>\n\t\t\t\t\t<\/a>\n\t\t\t\t\t\t\t\t<\/div>\n\t\t\t\t<div class=\"elementor-element elementor-element-2e6f807 elementor-align-justify elementor-widget elementor-widget-button\" data-id=\"2e6f807\" data-element_type=\"widget\" data-widget_type=\"button.default\">\n\t\t\t\t\t\t\t\t\t\t<a class=\"elementor-button elementor-button-link elementor-size-sm\" href=\"http:\/\/lifebrand.com.br\/clientes\/gazeta\/veiculos-e-negocios\/radio-gazeta-fm-linhares\/\">\n\t\t\t\t\t\t<span class=\"elementor-button-content-wrapper\">\n\t\t\t\t\t\t\t\t\t<span class=\"elementor-button-text\">Gazeta FM - Linhares<\/span>\n\t\t\t\t\t<\/span>\n\t\t\t\t\t<\/a>\n\t\t\t\t\t\t\t\t<\/div>\n\t\t\t\t<div class=\"elementor-element elementor-element-980718d elementor-align-justify elementor-widget elementor-widget-button\" data-id=\"980718d\" data-element_type=\"widget\" data-widget_type=\"button.default\">\n\t\t\t\t\t\t\t\t\t\t<a class=\"elementor-button elementor-button-link elementor-size-sm\" href=\"http:\/\/lifebrand.com.br\/clientes\/gazeta\/veiculos-e-negocios\/radio-litoral\/\">\n\t\t\t\t\t\t<span class=\"elementor-button-content-wrapper\">\n\t\t\t\t\t\t\t\t\t<span class=\"elementor-button-text\">Litoral FM - Vit\u00f3ria<\/span>\n\t\t\t\t\t<\/span>\n\t\t\t\t\t<\/a>\n\t\t\t\t\t\t\t\t<\/div>\n\t\t\t\t<div class=\"elementor-element elementor-element-62b8c81 elementor-align-justify elementor-widget elementor-widget-button\" data-id=\"62b8c81\" data-element_type=\"widget\" data-widget_type=\"button.default\">\n\t\t\t\t\t\t\t\t\t\t<a class=\"elementor-button elementor-button-link elementor-size-sm\" href=\"http:\/\/lifebrand.com.br\/clientes\/gazeta\/veiculos-e-negocios\/radio-litoral-noroeste\/\">\n\t\t\t\t\t\t<span class=\"elementor-button-content-wrapper\">\n\t\t\t\t\t\t\t\t\t<span class=\"elementor-button-text\">Litoral FM - Colatina<\/span>\n\t\t\t\t\t<\/span>\n\t\t\t\t\t<\/a>\n\t\t\t\t\t\t\t\t<\/div>\n\t\t\t\t<div class=\"elementor-element elementor-element-01d765c elementor-align-justify elementor-widget elementor-widget-button\" data-id=\"01d765c\" data-element_type=\"widget\" data-widget_type=\"button.default\">\n\t\t\t\t\t\t\t\t\t\t<a class=\"elementor-button elementor-button-link elementor-size-sm\" href=\"http:\/\/lifebrand.com.br\/clientes\/gazeta\/veiculos-e-negocios\/radio-litoral-norte\/\">\n\t\t\t\t\t\t<span class=\"elementor-button-content-wrapper\">\n\t\t\t\t\t\t\t\t\t<span class=\"elementor-button-text\">Litoral FM - Linhares<\/span>\n\t\t\t\t\t<\/span>\n\t\t\t\t\t<\/a>\n\t\t\t\t\t\t\t\t<\/div>\n\t\t\t\t<div class=\"elementor-element elementor-element-1450f76 elementor-align-justify elementor-widget elementor-widget-button\" data-id=\"1450f76\" data-element_type=\"widget\" data-widget_type=\"button.default\">\n\t\t\t\t\t\t\t\t\t\t<a class=\"elementor-button elementor-button-link elementor-size-sm\" href=\"http:\/\/lifebrand.com.br\/clientes\/gazeta\/veiculos-e-negocios\/radio-litoral-sul\/\">\n\t\t\t\t\t\t<span class=\"elementor-button-content-wrapper\">\n\t\t\t\t\t\t\t\t\t<span class=\"elementor-button-text\">Litoral FM - Cachoeiro<\/span>\n\t\t\t\t\t<\/span>\n\t\t\t\t\t<\/a>\n\t\t\t\t\t\t\t\t<\/div>\n\t\t\t\t<div class=\"elementor-element elementor-element-e3d7798 elementor-align-justify elementor-widget elementor-widget-button\" data-id=\"e3d7798\" data-element_type=\"widget\" data-widget_type=\"button.default\">\n\t\t\t\t\t\t\t\t\t\t<a class=\"elementor-button elementor-button-link elementor-size-sm\" href=\"http:\/\/lifebrand.com.br\/clientes\/gazeta\/veiculos-e-negocios\/radio-mix\/\">\n\t\t\t\t\t\t<span class=\"elementor-button-content-wrapper\">\n\t\t\t\t\t\t\t\t\t<span class=\"elementor-button-text\">MIX Vit\u00f3ria<\/span>\n\t\t\t\t\t<\/span>\n\t\t\t\t\t<\/a>\n\t\t\t\t\t\t\t\t<\/div>\n\t\t\t\t<div class=\"elementor-element elementor-element-875c0c8 elementor-align-justify elementor-widget elementor-widget-button\" data-id=\"875c0c8\" data-element_type=\"widget\" data-widget_type=\"button.default\">\n\t\t\t\t\t\t\t\t\t\t<a class=\"elementor-button elementor-button-link elementor-size-sm\" href=\"http:\/\/lifebrand.com.br\/clientes\/gazeta\/veiculos-e-negocios\/radio-cbn-vitoria\/\">\n\t\t\t\t\t\t<span class=\"elementor-button-content-wrapper\">\n\t\t\t\t\t\t\t\t\t<span class=\"elementor-button-text\">CBN Vit\u00f3ria<\/span>\n\t\t\t\t\t<\/span>\n\t\t\t\t\t<\/a>\n\t\t\t\t\t\t\t\t<\/div>\n\t\t\t\t\t<\/div>\n\t\t\t\t<\/div>\n\t\t\t\t<\/div>\n\t\t<\/div>\n\t\t\t\t\t\t<\/div>\n\t\t\t\t\t<\/div>\n\t\t\t\t<\/div>\n\t\t\t\t<\/div>\n\t\t","protected":false},"excerpt":{"rendered":"<p>O melhor da regi\u00e3o Sul perto de voc\u00ea (Sintonize 101,1 FM) Lan\u00e7ada no dia 22 de janeiro de 2018, a R\u00e1dio Litoral Sul chegou no Esp\u00edrito Santo para completar nossa rede Litoral. Localizada na Regional Sul, em Cachoeiro de Itapemirim, a emissora cobre 11 munic\u00edpios da regi\u00e3o. A programa\u00e7\u00e3o conta com muita m\u00fasica, brincadeiras e [&hellip;]<\/p>\n","protected":false},"author":1,"featured_media":0,"parent":43,"menu_order":14,"comment_status":"closed","ping_status":"closed","template":"elementor_header_footer","meta":{"footnotes":""},"class_list":["post-901","page","type-page","status-publish","hentry"],"_links":{"self":[{"href":"https:\/\/lifebrand.com.br\/clientes\/gazeta\/wp-json\/wp\/v2\/pages\/901","targetHints":{"allow":["GET"]}}],"collection":[{"href":"https:\/\/lifebrand.com.br\/clientes\/gazeta\/wp-json\/wp\/v2\/pages"}],"about":[{"href":"https:\/\/lifebrand.com.br\/clientes\/gazeta\/wp-json\/wp\/v2\/types\/page"}],"author":[{"embeddable":true,"href":"https:\/\/lifebrand.com.br\/clientes\/gazeta\/wp-json\/wp\/v2\/users\/1"}],"replies":[{"embeddable":true,"href":"https:\/\/lifebrand.com.br\/clientes\/gazeta\/wp-json\/wp\/v2\/comments?post=901"}],"version-history":[{"count":5,"href":"https:\/\/lifebrand.com.br\/clientes\/gazeta\/wp-json\/wp\/v2\/pages\/901\/revisions"}],"predecessor-version":[{"id":1283,"href":"https:\/\/lifebrand.com.br\/clientes\/gazeta\/wp-json\/wp\/v2\/pages\/901\/revisions\/1283"}],"up":[{"embeddable":true,"href":"https:\/\/lifebrand.com.br\/clientes\/gazeta\/wp-json\/wp\/v2\/pages\/43"}],"wp:attachment":[{"href":"https:\/\/lifebrand.com.br\/clientes\/gazeta\/wp-json\/wp\/v2\/media?parent=901"}],"curies":[{"name":"wp","href":"https:\/\/api.w.org\/{rel}","templated":true}]}}