{"id":799,"date":"2024-11-24T15:24:10","date_gmt":"2024-11-24T18:24:10","guid":{"rendered":"http:\/\/lifebrand.com.br\/clientes\/gazeta\/?page_id=799"},"modified":"2025-01-21T15:12:21","modified_gmt":"2025-01-21T18:12:21","slug":"tv-gazeta-lf","status":"publish","type":"page","link":"https:\/\/lifebrand.com.br\/clientes\/gazeta\/veiculos-e-negocios\/tv-gazeta-lf\/","title":{"rendered":"LF &#8212; TV Gazeta"},"content":{"rendered":"\t\t<div data-elementor-type=\"wp-page\" data-elementor-id=\"799\" class=\"elementor elementor-799\" data-elementor-post-type=\"page\">\n\t\t\t\t<div class=\"elementor-element elementor-element-06c025d e-flex e-con-boxed e-con e-parent\" data-id=\"06c025d\" data-element_type=\"container\" data-settings=\"{&quot;background_background&quot;:&quot;classic&quot;}\">\n\t\t\t\t\t<div class=\"e-con-inner\">\n\t\t\t\t<div class=\"elementor-element elementor-element-a3f7b07 elementor-widget__width-initial elementor-invisible elementor-widget elementor-widget-theme-post-title elementor-page-title elementor-widget-heading\" data-id=\"a3f7b07\" data-element_type=\"widget\" data-settings=\"{&quot;_animation&quot;:&quot;fadeInUp&quot;}\" data-widget_type=\"theme-post-title.default\">\n\t\t\t\t\t<h1 class=\"elementor-heading-title elementor-size-default\">LF &#8212; TV Gazeta<\/h1>\t\t\t\t<\/div>\n\t\t\t\t\t<\/div>\n\t\t\t\t<\/div>\n\t\t<div class=\"elementor-element elementor-element-c07a8e2 e-flex e-con-boxed e-con e-parent\" data-id=\"c07a8e2\" data-element_type=\"container\">\n\t\t\t\t\t<div class=\"e-con-inner\">\n\t\t<div class=\"elementor-element elementor-element-bed421a e-con-full e-flex e-con e-child\" data-id=\"bed421a\" data-element_type=\"container\">\n\t\t<div class=\"elementor-element elementor-element-8193ef5 e-con-full e-flex elementor-invisible e-con e-child\" data-id=\"8193ef5\" data-element_type=\"container\" data-settings=\"{&quot;animation&quot;:&quot;fadeInUp&quot;}\">\n\t\t\t\t<div class=\"elementor-element elementor-element-0772f43 elementor-widget__width-initial elementor-widget elementor-widget-heading\" data-id=\"0772f43\" data-element_type=\"widget\" data-widget_type=\"heading.default\">\n\t\t\t\t\t<h2 class=\"elementor-heading-title elementor-size-default\">O Brasil v\u00ea o Esp\u00edrito Santo pelas lentes da TV Gazeta<\/h2>\t\t\t\t<\/div>\n\t\t\t\t<div class=\"elementor-element elementor-element-2463f75 elementor-widget elementor-widget-text-editor\" data-id=\"2463f75\" data-element_type=\"widget\" data-widget_type=\"text-editor.default\">\n\t\t\t\t\t\t\t\t\t<p>A TV Gazeta entrou no ar no dia 11 de setembro de 1976, no canal 4. D\u00e9cima oitava afiliada da Rede Globo, a emissora alcan\u00e7ava no seu inicio dois ter\u00e7os do territ\u00f3rio capixaba sem a necessidade de retransmissores, gra\u00e7as a um poderoso transmissor instalado no Morro da Fonte Grande, em Vit\u00f3ria, e uma antena de 54 metros de altura.<\/p>\t\t\t\t\t\t\t\t<\/div>\n\t\t\t\t<\/div>\n\t\t<div class=\"elementor-element elementor-element-1a4c75c e-con-full elementor-hidden-mobile e-flex e-con e-child\" data-id=\"1a4c75c\" data-element_type=\"container\">\n\t\t\t\t<div class=\"elementor-element elementor-element-97ed502 elementor-widget__width-initial elementor-invisible elementor-widget elementor-widget-shortcode\" data-id=\"97ed502\" data-element_type=\"widget\" data-settings=\"{&quot;_animation&quot;:&quot;fadeInUp&quot;}\" data-widget_type=\"shortcode.default\">\n\t\t\t\t\t\t\t<div class=\"elementor-shortcode\">\t\t<div data-elementor-type=\"page\" data-elementor-id=\"824\" class=\"elementor elementor-824\" data-elementor-post-type=\"elementor_library\">\n\t\t\t\t<div class=\"elementor-element elementor-element-c435440 e-flex e-con-boxed e-con e-parent\" data-id=\"c435440\" data-element_type=\"container\">\n\t\t\t\t\t<div class=\"e-con-inner\">\n\t\t\t\t<div class=\"elementor-element elementor-element-4971ef1 elementor-align-justify elementor-widget elementor-widget-button\" data-id=\"4971ef1\" data-element_type=\"widget\" data-widget_type=\"button.default\">\n\t\t\t\t\t\t\t\t\t\t<a class=\"elementor-button elementor-button-link elementor-size-sm\" href=\"http:\/\/lifebrand.com.br\/clientes\/gazeta\/veiculos-e-negocios\/tv-gazeta\/\">\n\t\t\t\t\t\t<span class=\"elementor-button-content-wrapper\">\n\t\t\t\t\t\t\t\t\t<span class=\"elementor-button-text\">TV Gazeta<\/span>\n\t\t\t\t\t<\/span>\n\t\t\t\t\t<\/a>\n\t\t\t\t\t\t\t\t<\/div>\n\t\t\t\t<div class=\"elementor-element elementor-element-d88228a elementor-align-justify elementor-widget elementor-widget-button\" data-id=\"d88228a\" data-element_type=\"widget\" data-widget_type=\"button.default\">\n\t\t\t\t\t\t\t\t\t\t<a class=\"elementor-button elementor-button-link elementor-size-sm\" href=\"http:\/\/lifebrand.com.br\/clientes\/gazeta\/veiculos-e-negocios\/tv-gazeta-sul\/\">\n\t\t\t\t\t\t<span class=\"elementor-button-content-wrapper\">\n\t\t\t\t\t\t\t\t\t<span class=\"elementor-button-text\">TV Gazeta Sul<\/span>\n\t\t\t\t\t<\/span>\n\t\t\t\t\t<\/a>\n\t\t\t\t\t\t\t\t<\/div>\n\t\t\t\t<div class=\"elementor-element elementor-element-0508032 elementor-align-justify elementor-widget elementor-widget-button\" data-id=\"0508032\" data-element_type=\"widget\" data-widget_type=\"button.default\">\n\t\t\t\t\t\t\t\t\t\t<a class=\"elementor-button elementor-button-link elementor-size-sm\" href=\"http:\/\/lifebrand.com.br\/clientes\/gazeta\/veiculos-e-negocios\/tv-gazeta-norte\/\">\n\t\t\t\t\t\t<span class=\"elementor-button-content-wrapper\">\n\t\t\t\t\t\t\t\t\t<span class=\"elementor-button-text\">TV Gazeta Norte<\/span>\n\t\t\t\t\t<\/span>\n\t\t\t\t\t<\/a>\n\t\t\t\t\t\t\t\t<\/div>\n\t\t\t\t<div class=\"elementor-element elementor-element-262e1df elementor-align-justify elementor-widget elementor-widget-button\" data-id=\"262e1df\" data-element_type=\"widget\" data-widget_type=\"button.default\">\n\t\t\t\t\t\t\t\t\t\t<a class=\"elementor-button elementor-button-link elementor-size-sm\" href=\"http:\/\/lifebrand.com.br\/clientes\/gazeta\/veiculos-e-negocios\/tv-gazeta-noroeste-2\/\">\n\t\t\t\t\t\t<span class=\"elementor-button-content-wrapper\">\n\t\t\t\t\t\t\t\t\t<span class=\"elementor-button-text\">TV Gazeta Noroeste<\/span>\n\t\t\t\t\t<\/span>\n\t\t\t\t\t<\/a>\n\t\t\t\t\t\t\t\t<\/div>\n\t\t\t\t\t<\/div>\n\t\t\t\t<\/div>\n\t\t\t\t<\/div>\n\t\t<\/div>\n\t\t\t\t\t\t<\/div>\n\t\t\t\t<\/div>\n\t\t\t\t<\/div>\n\t\t<div class=\"elementor-element elementor-element-eb36b39 e-con-full e-flex e-con e-child\" data-id=\"eb36b39\" data-element_type=\"container\">\n\t\t\t\t<div class=\"elementor-element elementor-element-19de1d2 elementor-widget elementor-widget-image\" data-id=\"19de1d2\" data-element_type=\"widget\" data-widget_type=\"image.default\">\n\t\t\t\t\t\t\t\t\t\t\t\t\t\t\t<img fetchpriority=\"high\" decoding=\"async\" width=\"1400\" height=\"634\" src=\"https:\/\/lifebrand.com.br\/clientes\/gazeta\/wp-content\/uploads\/2024\/11\/imagens_redegazeta_imagem_tvgazeta.jpg\" class=\"attachment-full size-full wp-image-1083\" alt=\"\" srcset=\"https:\/\/lifebrand.com.br\/clientes\/gazeta\/wp-content\/uploads\/2024\/11\/imagens_redegazeta_imagem_tvgazeta.jpg 1400w, https:\/\/lifebrand.com.br\/clientes\/gazeta\/wp-content\/uploads\/2024\/11\/imagens_redegazeta_imagem_tvgazeta-300x136.jpg 300w, https:\/\/lifebrand.com.br\/clientes\/gazeta\/wp-content\/uploads\/2024\/11\/imagens_redegazeta_imagem_tvgazeta-1024x464.jpg 1024w, https:\/\/lifebrand.com.br\/clientes\/gazeta\/wp-content\/uploads\/2024\/11\/imagens_redegazeta_imagem_tvgazeta-768x348.jpg 768w\" sizes=\"(max-width: 1400px) 100vw, 1400px\" \/>\t\t\t\t\t\t\t\t\t\t\t\t\t\t\t<\/div>\n\t\t\t\t<\/div>\n\t\t<div class=\"elementor-element elementor-element-01d0397 e-con-full e-flex e-con e-child\" data-id=\"01d0397\" data-element_type=\"container\">\n\t\t<div class=\"elementor-element elementor-element-ff5483a e-con-full e-flex elementor-invisible e-con e-child\" data-id=\"ff5483a\" data-element_type=\"container\" data-settings=\"{&quot;animation&quot;:&quot;fadeInUp&quot;}\">\n\t\t\t\t<div class=\"elementor-element elementor-element-125c3dd elementor-widget elementor-widget-text-editor\" data-id=\"125c3dd\" data-element_type=\"widget\" data-widget_type=\"text-editor.default\">\n\t\t\t\t\t\t\t\t\t<p>Do in\u00edcio at\u00e9 hoje muita coisa evoluiu: do filme emendado e passado na moviola at\u00e9 as c\u00e2meras digitais, a TV Gazeta soube acompanhar as evolu\u00e7\u00f5es tecnol\u00f3gicas. A cada ano mais um salto em dire\u00e7\u00e3o \u00e0 modernidade. Esse ritmo \u00e9 tamb\u00e9m observado na rotina das equipes t\u00e9cnica e de jornalismo. Hoje o trabalho de reportagem, feito no in\u00edcio por at\u00e9 cinco pessoas, j\u00e1 pode ser realizado por apenas uma: o rep\u00f3rter multim\u00eddia. A din\u00e2mica de trabalho empregada nessas \u00e1reas traz no perfil dos profissionais da TV Gazeta algo de inovador, de movimento e evolu\u00e7\u00e3o constantes.<\/p><p>Desde o dia 9 de fevereiro de 2009, a emissora disponibiliza o sinal digital em Vit\u00f3ria, Vila Velha, Serra, Cariacica, Viana e parte de Guarapari. A defini\u00e7\u00e3o de 1.080 linhas da TV digital aumenta em seis vezes a qualidade e as informa\u00e7\u00f5es da imagem, o que significa maior riqueza de detalhes percebidos pelo telespectador. A TV digital representa o in\u00edcio de uma nova era para a televis\u00e3o aberta, com diversos benef\u00edcios para o telespectador, como a mobilidade e a interatividade.<\/p><p><strong>Fale com A Gazeta<\/strong><\/p><p><strong>Sugest\u00e3o de pauta<\/strong><\/p><p>E-mail: online@redegazeta.com.br<br \/>WhatsApp: (27) 98135.8261<\/p><p>Atualmente, a TV Gazeta possui na sua programa\u00e7\u00e3o local: Bom Dia ES, Gazeta Meio Dia, Boa Noite ES, Jornal do Campo, Em Movimento e T\u00f4 Por Dentro.<\/p>\t\t\t\t\t\t\t\t<\/div>\n\t\t\t\t<div class=\"elementor-element elementor-element-8157b2d elementor-mobile-align-justify elementor-widget elementor-widget-button\" data-id=\"8157b2d\" data-element_type=\"widget\" data-widget_type=\"button.default\">\n\t\t\t\t\t\t\t\t\t\t<a class=\"elementor-button elementor-button-link elementor-size-sm\" href=\"#\">\n\t\t\t\t\t\t<span class=\"elementor-button-content-wrapper\">\n\t\t\t\t\t\t\t\t\t<span class=\"elementor-button-text\">Ir para Site<\/span>\n\t\t\t\t\t<\/span>\n\t\t\t\t\t<\/a>\n\t\t\t\t\t\t\t\t<\/div>\n\t\t\t\t<\/div>\n\t\t\t\t<\/div>\n\t\t\t\t\t<\/div>\n\t\t\t\t<\/div>\n\t\t<div class=\"elementor-element elementor-element-fe044a1 e-flex e-con-boxed e-con e-child\" data-id=\"fe044a1\" data-element_type=\"container\">\n\t\t\t\t\t<div class=\"e-con-inner\">\n\t\t\t\t<div class=\"elementor-element elementor-element-34c02c1 elementor-widget__width-initial elementor-hidden-desktop elementor-hidden-laptop elementor-hidden-tablet elementor-widget elementor-widget-shortcode\" data-id=\"34c02c1\" data-element_type=\"widget\" data-widget_type=\"shortcode.default\">\n\t\t\t\t\t\t\t<div class=\"elementor-shortcode\">\t\t<div data-elementor-type=\"page\" data-elementor-id=\"659\" class=\"elementor elementor-659\" data-elementor-post-type=\"elementor_library\">\n\t\t\t\t<div class=\"elementor-element elementor-element-51b5ea7 e-flex e-con-boxed e-con e-parent\" data-id=\"51b5ea7\" data-element_type=\"container\">\n\t\t\t\t\t<div class=\"e-con-inner\">\n\t\t\t\t<div class=\"elementor-element elementor-element-6a0905d elementor-align-justify elementor-widget elementor-widget-button\" data-id=\"6a0905d\" data-element_type=\"widget\" data-widget_type=\"button.default\">\n\t\t\t\t\t\t\t\t\t\t<a class=\"elementor-button elementor-button-link elementor-size-sm\" href=\"http:\/\/lifebrand.com.br\/clientes\/gazeta\/nossa-empresa\/pesquise-o-acervo\/\">\n\t\t\t\t\t\t<span class=\"elementor-button-content-wrapper\">\n\t\t\t\t\t\t\t\t\t<span class=\"elementor-button-text\">A Gazeta<\/span>\n\t\t\t\t\t<\/span>\n\t\t\t\t\t<\/a>\n\t\t\t\t\t\t\t\t<\/div>\n\t\t\t\t<div class=\"elementor-element elementor-element-ecabf95 elementor-align-justify elementor-widget elementor-widget-button\" data-id=\"ecabf95\" data-element_type=\"widget\" data-widget_type=\"button.default\">\n\t\t\t\t\t\t\t\t\t\t<a class=\"elementor-button elementor-button-link elementor-size-sm\" href=\"http:\/\/lifebrand.com.br\/clientes\/gazeta\/veiculos-e-negocios\/hz\/\">\n\t\t\t\t\t\t<span class=\"elementor-button-content-wrapper\">\n\t\t\t\t\t\t\t\t\t<span class=\"elementor-button-text\">HZ<\/span>\n\t\t\t\t\t<\/span>\n\t\t\t\t\t<\/a>\n\t\t\t\t\t\t\t\t<\/div>\n\t\t\t\t<div class=\"elementor-element elementor-element-fdda8b4 elementor-align-justify elementor-widget elementor-widget-button\" data-id=\"fdda8b4\" data-element_type=\"widget\" data-widget_type=\"button.default\">\n\t\t\t\t\t\t\t\t\t\t<a class=\"elementor-button elementor-button-link elementor-size-sm\" href=\"http:\/\/lifebrand.com.br\/clientes\/gazeta\/fale-conosco\/\">\n\t\t\t\t\t\t<span class=\"elementor-button-content-wrapper\">\n\t\t\t\t\t\t\t\t\t<span class=\"elementor-button-text\">G1 ES<\/span>\n\t\t\t\t\t<\/span>\n\t\t\t\t\t<\/a>\n\t\t\t\t\t\t\t\t<\/div>\n\t\t\t\t<div class=\"elementor-element elementor-element-68d037a elementor-align-justify elementor-widget elementor-widget-button\" data-id=\"68d037a\" data-element_type=\"widget\" data-widget_type=\"button.default\">\n\t\t\t\t\t\t\t\t\t\t<a class=\"elementor-button elementor-button-link elementor-size-sm\" href=\"http:\/\/lifebrand.com.br\/clientes\/gazeta\/visite-a-rede-gazeta\/\">\n\t\t\t\t\t\t<span class=\"elementor-button-content-wrapper\">\n\t\t\t\t\t\t\t\t\t<span class=\"elementor-button-text\">Globo Esporte ES<\/span>\n\t\t\t\t\t<\/span>\n\t\t\t\t\t<\/a>\n\t\t\t\t\t\t\t\t<\/div>\n\t\t\t\t\t<\/div>\n\t\t\t\t<\/div>\n\t\t\t\t<\/div>\n\t\t<\/div>\n\t\t\t\t\t\t<\/div>\n\t\t\t\t\t<\/div>\n\t\t\t\t<\/div>\n\t\t\t\t<\/div>\n\t\t","protected":false},"excerpt":{"rendered":"<p>O Brasil v\u00ea o Esp\u00edrito Santo pelas lentes da TV Gazeta A TV Gazeta entrou no ar no dia 11 de setembro de 1976, no canal 4. D\u00e9cima oitava afiliada da Rede Globo, a emissora alcan\u00e7ava no seu inicio dois ter\u00e7os do territ\u00f3rio capixaba sem a necessidade de retransmissores, gra\u00e7as a um poderoso transmissor instalado [&hellip;]<\/p>\n","protected":false},"author":1,"featured_media":0,"parent":43,"menu_order":8,"comment_status":"closed","ping_status":"closed","template":"elementor_header_footer","meta":{"footnotes":""},"class_list":["post-799","page","type-page","status-publish","hentry"],"_links":{"self":[{"href":"https:\/\/lifebrand.com.br\/clientes\/gazeta\/wp-json\/wp\/v2\/pages\/799","targetHints":{"allow":["GET"]}}],"collection":[{"href":"https:\/\/lifebrand.com.br\/clientes\/gazeta\/wp-json\/wp\/v2\/pages"}],"about":[{"href":"https:\/\/lifebrand.com.br\/clientes\/gazeta\/wp-json\/wp\/v2\/types\/page"}],"author":[{"embeddable":true,"href":"https:\/\/lifebrand.com.br\/clientes\/gazeta\/wp-json\/wp\/v2\/users\/1"}],"replies":[{"embeddable":true,"href":"https:\/\/lifebrand.com.br\/clientes\/gazeta\/wp-json\/wp\/v2\/comments?post=799"}],"version-history":[{"count":14,"href":"https:\/\/lifebrand.com.br\/clientes\/gazeta\/wp-json\/wp\/v2\/pages\/799\/revisions"}],"predecessor-version":[{"id":1277,"href":"https:\/\/lifebrand.com.br\/clientes\/gazeta\/wp-json\/wp\/v2\/pages\/799\/revisions\/1277"}],"up":[{"embeddable":true,"href":"https:\/\/lifebrand.com.br\/clientes\/gazeta\/wp-json\/wp\/v2\/pages\/43"}],"wp:attachment":[{"href":"https:\/\/lifebrand.com.br\/clientes\/gazeta\/wp-json\/wp\/v2\/media?parent=799"}],"curies":[{"name":"wp","href":"https:\/\/api.w.org\/{rel}","templated":true}]}}