{"id":402,"date":"2024-11-23T14:27:33","date_gmt":"2024-11-23T17:27:33","guid":{"rendered":"http:\/\/lifebrand.com.br\/clientes\/gazeta\/?page_id=402"},"modified":"2025-02-26T22:10:37","modified_gmt":"2025-02-27T01:10:37","slug":"conselho-de-administracao","status":"publish","type":"page","link":"https:\/\/lifebrand.com.br\/clientes\/gazeta\/nossa-empresa\/conselho-de-administracao\/","title":{"rendered":"Conselho de Administra\u00e7\u00e3o"},"content":{"rendered":"\t\t<div data-elementor-type=\"wp-page\" data-elementor-id=\"402\" class=\"elementor elementor-402\" data-elementor-post-type=\"page\">\n\t\t\t\t<div class=\"elementor-element elementor-element-b6b08ca e-flex e-con-boxed e-con e-parent\" data-id=\"b6b08ca\" data-element_type=\"container\" data-settings=\"{&quot;background_background&quot;:&quot;classic&quot;}\">\n\t\t\t\t\t<div class=\"e-con-inner\">\n\t\t\t\t<div class=\"elementor-element elementor-element-0264dc8 elementor-widget elementor-widget-heading\" data-id=\"0264dc8\" data-element_type=\"widget\" data-widget_type=\"heading.default\">\n\t\t\t\t\t<h1 class=\"elementor-heading-title elementor-size-default\">Conselho de Administra\u00e7\u00e3o<\/h1>\t\t\t\t<\/div>\n\t\t\t\t<div class=\"elementor-element elementor-element-acc4023 elementor-widget elementor-widget-text-editor\" data-id=\"acc4023\" data-element_type=\"widget\" data-widget_type=\"text-editor.default\">\n\t\t\t\t\t\t\t\t\t<p>Membros do Conselho de Administra\u00e7\u00e3o:<\/p>\t\t\t\t\t\t\t\t<\/div>\n\t\t\t\t\t<\/div>\n\t\t\t\t<\/div>\n\t\t<div class=\"elementor-element elementor-element-596430e e-flex e-con-boxed e-con e-parent\" data-id=\"596430e\" data-element_type=\"container\">\n\t\t\t\t\t<div class=\"e-con-inner\">\n\t\t<div class=\"elementor-element elementor-element-4cb13a7 e-con-full e-flex e-con e-child\" data-id=\"4cb13a7\" data-element_type=\"container\">\n\t\t<div class=\"elementor-element elementor-element-de24db9 e-con-full e-flex e-con e-child\" data-id=\"de24db9\" data-element_type=\"container\">\n\t\t\t\t<div class=\"elementor-element elementor-element-fb4700d elementor-widget elementor-widget-image\" data-id=\"fb4700d\" data-element_type=\"widget\" data-widget_type=\"image.default\">\n\t\t\t\t\t\t\t\t\t\t\t\t\t\t\t<img fetchpriority=\"high\" decoding=\"async\" width=\"228\" height=\"229\" src=\"https:\/\/lifebrand.com.br\/clientes\/gazeta\/wp-content\/uploads\/2024\/11\/imagens_redegazeta_cafe.png\" class=\"attachment-full size-full wp-image-459\" alt=\"\" srcset=\"https:\/\/lifebrand.com.br\/clientes\/gazeta\/wp-content\/uploads\/2024\/11\/imagens_redegazeta_cafe.png 228w, https:\/\/lifebrand.com.br\/clientes\/gazeta\/wp-content\/uploads\/2024\/11\/imagens_redegazeta_cafe-150x150.png 150w\" sizes=\"(max-width: 228px) 100vw, 228px\" \/>\t\t\t\t\t\t\t\t\t\t\t\t\t\t\t<\/div>\n\t\t\t\t<div class=\"elementor-element elementor-element-d19c790 elementor-widget elementor-widget-text-editor\" data-id=\"d19c790\" data-element_type=\"widget\" data-widget_type=\"text-editor.default\">\n\t\t\t\t\t\t\t\t\t<ul><li><strong>Presidente<\/strong><br \/>Carlos Fernando Monteiro Lindenberg Neto (Caf\u00e9)<\/li><\/ul>\t\t\t\t\t\t\t\t<\/div>\n\t\t\t\t<\/div>\n\t\t<div class=\"elementor-element elementor-element-7369ce5 e-con-full e-flex e-con e-child\" data-id=\"7369ce5\" data-element_type=\"container\">\n\t\t\t\t<div class=\"elementor-element elementor-element-0572154 elementor-widget elementor-widget-image\" data-id=\"0572154\" data-element_type=\"widget\" data-widget_type=\"image.default\">\n\t\t\t\t\t\t\t\t\t\t\t\t\t\t\t<img decoding=\"async\" width=\"229\" height=\"229\" src=\"https:\/\/lifebrand.com.br\/clientes\/gazeta\/wp-content\/uploads\/2024\/11\/imagens_redegazeta_Leticia_Lindenberg.jpg\" class=\"attachment-full size-full wp-image-501\" alt=\"\" srcset=\"https:\/\/lifebrand.com.br\/clientes\/gazeta\/wp-content\/uploads\/2024\/11\/imagens_redegazeta_Leticia_Lindenberg.jpg 229w, https:\/\/lifebrand.com.br\/clientes\/gazeta\/wp-content\/uploads\/2024\/11\/imagens_redegazeta_Leticia_Lindenberg-150x150.jpg 150w\" sizes=\"(max-width: 229px) 100vw, 229px\" \/>\t\t\t\t\t\t\t\t\t\t\t\t\t\t\t<\/div>\n\t\t\t\t<div class=\"elementor-element elementor-element-b03e238 elementor-widget elementor-widget-text-editor\" data-id=\"b03e238\" data-element_type=\"widget\" data-widget_type=\"text-editor.default\">\n\t\t\t\t\t\t\t\t\t<ul><li><strong>Acionista<\/strong><br \/>Let\u00edcia Lindenberg<\/li><\/ul>\t\t\t\t\t\t\t\t<\/div>\n\t\t\t\t<\/div>\n\t\t<div class=\"elementor-element elementor-element-f79b8a8 e-con-full e-flex e-con e-child\" data-id=\"f79b8a8\" data-element_type=\"container\">\n\t\t\t\t<div class=\"elementor-element elementor-element-ec89a75 elementor-widget elementor-widget-image\" data-id=\"ec89a75\" data-element_type=\"widget\" data-widget_type=\"image.default\">\n\t\t\t\t\t\t\t\t\t\t\t\t\t\t\t<img decoding=\"async\" width=\"229\" height=\"229\" src=\"https:\/\/lifebrand.com.br\/clientes\/gazeta\/wp-content\/uploads\/2024\/11\/imagens_redegazeta_Joao_cesar.jpg\" class=\"attachment-full size-full wp-image-502\" alt=\"\" srcset=\"https:\/\/lifebrand.com.br\/clientes\/gazeta\/wp-content\/uploads\/2024\/11\/imagens_redegazeta_Joao_cesar.jpg 229w, https:\/\/lifebrand.com.br\/clientes\/gazeta\/wp-content\/uploads\/2024\/11\/imagens_redegazeta_Joao_cesar-150x150.jpg 150w\" sizes=\"(max-width: 229px) 100vw, 229px\" \/>\t\t\t\t\t\t\t\t\t\t\t\t\t\t\t<\/div>\n\t\t\t\t<div class=\"elementor-element elementor-element-d80a478 elementor-widget elementor-widget-text-editor\" data-id=\"d80a478\" data-element_type=\"widget\" data-widget_type=\"text-editor.default\">\n\t\t\t\t\t\t\t\t\t<ul><li><strong>Conselheiro Externo<\/strong><br \/>Jo\u00e3o C\u00e9sar Lima Jr.<\/li><\/ul>\t\t\t\t\t\t\t\t<\/div>\n\t\t\t\t<\/div>\n\t\t<div class=\"elementor-element elementor-element-c674d1e e-con-full e-flex e-con e-child\" data-id=\"c674d1e\" data-element_type=\"container\">\n\t\t\t\t<div class=\"elementor-element elementor-element-458294b elementor-widget elementor-widget-image\" data-id=\"458294b\" data-element_type=\"widget\" data-widget_type=\"image.default\">\n\t\t\t\t\t\t\t\t\t\t\t\t\t\t\t<img loading=\"lazy\" decoding=\"async\" width=\"229\" height=\"229\" src=\"https:\/\/lifebrand.com.br\/clientes\/gazeta\/wp-content\/uploads\/2024\/11\/imagens_redegazeta_joaquim.jpg\" class=\"attachment-full size-full wp-image-503\" alt=\"\" srcset=\"https:\/\/lifebrand.com.br\/clientes\/gazeta\/wp-content\/uploads\/2024\/11\/imagens_redegazeta_joaquim.jpg 229w, https:\/\/lifebrand.com.br\/clientes\/gazeta\/wp-content\/uploads\/2024\/11\/imagens_redegazeta_joaquim-150x150.jpg 150w\" sizes=\"(max-width: 229px) 100vw, 229px\" \/>\t\t\t\t\t\t\t\t\t\t\t\t\t\t\t<\/div>\n\t\t\t\t<div class=\"elementor-element elementor-element-d6625ea elementor-widget elementor-widget-text-editor\" data-id=\"d6625ea\" data-element_type=\"widget\" data-widget_type=\"text-editor.default\">\n\t\t\t\t\t\t\t\t\t<ul><li><strong>Conselheiro Externo<\/strong><br \/>Joaquim Ribeiro<\/li><\/ul>\t\t\t\t\t\t\t\t<\/div>\n\t\t\t\t<\/div>\n\t\t\t\t<\/div>\n\t\t<div class=\"elementor-element elementor-element-bb7e26a e-con-full e-flex e-con e-child\" data-id=\"bb7e26a\" data-element_type=\"container\">\n\t\t\t\t<div class=\"elementor-element elementor-element-2f6c615 elementor-widget elementor-widget-shortcode\" data-id=\"2f6c615\" data-element_type=\"widget\" data-widget_type=\"shortcode.default\">\n\t\t\t\t\t\t\t<div class=\"elementor-shortcode\">\t\t<div data-elementor-type=\"container\" data-elementor-id=\"434\" class=\"elementor elementor-434\" data-elementor-post-type=\"elementor_library\">\n\t\t\t\t<div class=\"elementor-element elementor-element-51b5ea7 e-flex e-con-boxed e-con e-parent\" data-id=\"51b5ea7\" data-element_type=\"container\">\n\t\t\t\t\t<div class=\"e-con-inner\">\n\t\t\t\t<div class=\"elementor-element elementor-element-ecabf95 elementor-align-justify elementor-widget elementor-widget-button\" data-id=\"ecabf95\" data-element_type=\"widget\" data-widget_type=\"button.default\">\n\t\t\t\t\t\t\t\t\t\t<a class=\"elementor-button elementor-button-link elementor-size-sm\" href=\"http:\/\/lifebrand.com.br\/clientes\/gazeta\/nossa-empresa\/diretoria\/\">\n\t\t\t\t\t\t<span class=\"elementor-button-content-wrapper\">\n\t\t\t\t\t\t\t\t\t<span class=\"elementor-button-text\">Diret\u00f3ria<\/span>\n\t\t\t\t\t<\/span>\n\t\t\t\t\t<\/a>\n\t\t\t\t\t\t\t\t<\/div>\n\t\t\t\t<div class=\"elementor-element elementor-element-8d4e125 elementor-align-justify elementor-tablet-align-justify elementor-widget elementor-widget-button\" data-id=\"8d4e125\" data-element_type=\"widget\" data-widget_type=\"button.default\">\n\t\t\t\t\t\t\t\t\t\t<a class=\"elementor-button elementor-button-link elementor-size-sm\" href=\"http:\/\/lifebrand.com.br\/clientes\/gazeta\/nossa-empresa\/conselho-de-administracao\/\">\n\t\t\t\t\t\t<span class=\"elementor-button-content-wrapper\">\n\t\t\t\t\t\t\t\t\t<span class=\"elementor-button-text\">Conselho de Administra\u00e7\u00e3o<\/span>\n\t\t\t\t\t<\/span>\n\t\t\t\t\t<\/a>\n\t\t\t\t\t\t\t\t<\/div>\n\t\t\t\t<div class=\"elementor-element elementor-element-1367dc1 elementor-align-justify elementor-widget elementor-widget-button\" data-id=\"1367dc1\" data-element_type=\"widget\" data-widget_type=\"button.default\">\n\t\t\t\t\t\t\t\t\t\t<a class=\"elementor-button elementor-button-link elementor-size-sm\" href=\"http:\/\/lifebrand.com.br\/clientes\/gazeta\/nossa-empresa\/missao-visao-e-valores\/\">\n\t\t\t\t\t\t<span class=\"elementor-button-content-wrapper\">\n\t\t\t\t\t\t\t\t\t<span class=\"elementor-button-text\">Miss\u00e3o, Vis\u00e3o e Valores<\/span>\n\t\t\t\t\t<\/span>\n\t\t\t\t\t<\/a>\n\t\t\t\t\t\t\t\t<\/div>\n\t\t\t\t<div class=\"elementor-element elementor-element-b9f4d1f elementor-align-justify elementor-widget elementor-widget-button\" data-id=\"b9f4d1f\" data-element_type=\"widget\" data-widget_type=\"button.default\">\n\t\t\t\t\t\t\t\t\t\t<a class=\"elementor-button elementor-button-link elementor-size-sm\" href=\"https:\/\/www.redegazeta.com.br\/wp-content\/uploads\/2023\/04\/Rede-de-Valores-DIGITAL-FINAL.pdf\" target=\"_blank\" rel=\"nofollow\">\n\t\t\t\t\t\t<span class=\"elementor-button-content-wrapper\">\n\t\t\t\t\t\t\t\t\t<span class=\"elementor-button-text\">C\u00f3digo de \u00c9tica<\/span>\n\t\t\t\t\t<\/span>\n\t\t\t\t\t<\/a>\n\t\t\t\t\t\t\t\t<\/div>\n\t\t\t\t<div class=\"elementor-element elementor-element-f8c0997 elementor-align-justify elementor-widget elementor-widget-button\" data-id=\"f8c0997\" data-element_type=\"widget\" data-widget_type=\"button.default\">\n\t\t\t\t\t\t\t\t\t\t<a class=\"elementor-button elementor-button-link elementor-size-sm\" href=\"https:\/\/www.redegazeta.com.br\/wp-content\/uploads\/2023\/05\/Princi%CC%81pios-Editoriais-e-Comerciais-DIGITAL-FINAL-1.pdf\" target=\"_blank\" rel=\"nofollow\">\n\t\t\t\t\t\t<span class=\"elementor-button-content-wrapper\">\n\t\t\t\t\t\t\t\t\t<span class=\"elementor-button-text\">Princi\u0301pios Editoriais e Comerciais<\/span>\n\t\t\t\t\t<\/span>\n\t\t\t\t\t<\/a>\n\t\t\t\t\t\t\t\t<\/div>\n\t\t\t\t<div class=\"elementor-element elementor-element-71f22cc elementor-align-justify elementor-widget elementor-widget-button\" data-id=\"71f22cc\" data-element_type=\"widget\" data-widget_type=\"button.default\">\n\t\t\t\t\t\t\t\t\t\t<a class=\"elementor-button elementor-button-link elementor-size-sm\" href=\"http:\/\/lifebrand.com.br\/clientes\/gazeta\/nossa-empresa\/relatorio-salarial\/\">\n\t\t\t\t\t\t<span class=\"elementor-button-content-wrapper\">\n\t\t\t\t\t\t\t\t\t<span class=\"elementor-button-text\">Relat\u00f3rio Salarial<\/span>\n\t\t\t\t\t<\/span>\n\t\t\t\t\t<\/a>\n\t\t\t\t\t\t\t\t<\/div>\n\t\t\t\t<div class=\"elementor-element elementor-element-4aa221e elementor-align-justify elementor-widget elementor-widget-button\" data-id=\"4aa221e\" data-element_type=\"widget\" data-widget_type=\"button.default\">\n\t\t\t\t\t\t\t\t\t\t<a class=\"elementor-button elementor-button-link elementor-size-sm\" href=\"http:\/\/lifebrand.com.br\/clientes\/gazeta\/nossa-empresa\/uso-do-auditorio\/\">\n\t\t\t\t\t\t<span class=\"elementor-button-content-wrapper\">\n\t\t\t\t\t\t\t\t\t<span class=\"elementor-button-text\">Uso do audit\u00f3rio<\/span>\n\t\t\t\t\t<\/span>\n\t\t\t\t\t<\/a>\n\t\t\t\t\t\t\t\t<\/div>\n\t\t\t\t<div class=\"elementor-element elementor-element-6a0905d elementor-align-justify elementor-widget elementor-widget-button\" data-id=\"6a0905d\" data-element_type=\"widget\" data-widget_type=\"button.default\">\n\t\t\t\t\t\t\t\t\t\t<a class=\"elementor-button elementor-button-link elementor-size-sm\" href=\"http:\/\/lifebrand.com.br\/clientes\/gazeta\/nossa-empresa\/pesquise-o-acervo\/\">\n\t\t\t\t\t\t<span class=\"elementor-button-content-wrapper\">\n\t\t\t\t\t\t\t\t\t<span class=\"elementor-button-text\">Pesquise o acervo<\/span>\n\t\t\t\t\t<\/span>\n\t\t\t\t\t<\/a>\n\t\t\t\t\t\t\t\t<\/div>\n\t\t\t\t<div class=\"elementor-element elementor-element-fdda8b4 elementor-align-justify elementor-widget elementor-widget-button\" data-id=\"fdda8b4\" data-element_type=\"widget\" data-widget_type=\"button.default\">\n\t\t\t\t\t\t\t\t\t\t<a class=\"elementor-button elementor-button-link elementor-size-sm\" href=\"http:\/\/lifebrand.com.br\/clientes\/gazeta\/fale-conosco\/\">\n\t\t\t\t\t\t<span class=\"elementor-button-content-wrapper\">\n\t\t\t\t\t\t\t\t\t<span class=\"elementor-button-text\">Fale Conosco<\/span>\n\t\t\t\t\t<\/span>\n\t\t\t\t\t<\/a>\n\t\t\t\t\t\t\t\t<\/div>\n\t\t\t\t<div class=\"elementor-element elementor-element-68d037a elementor-align-justify elementor-widget elementor-widget-button\" data-id=\"68d037a\" data-element_type=\"widget\" data-widget_type=\"button.default\">\n\t\t\t\t\t\t\t\t\t\t<a class=\"elementor-button elementor-button-link elementor-size-sm\" href=\"http:\/\/lifebrand.com.br\/clientes\/gazeta\/visite-a-rede-gazeta\/\">\n\t\t\t\t\t\t<span class=\"elementor-button-content-wrapper\">\n\t\t\t\t\t\t\t\t\t<span class=\"elementor-button-text\">Visite a Rede Gazeta<\/span>\n\t\t\t\t\t<\/span>\n\t\t\t\t\t<\/a>\n\t\t\t\t\t\t\t\t<\/div>\n\t\t\t\t\t<\/div>\n\t\t\t\t<\/div>\n\t\t\t\t<\/div>\n\t\t<\/div>\n\t\t\t\t\t\t<\/div>\n\t\t\t\t<\/div>\n\t\t\t\t\t<\/div>\n\t\t\t\t<\/div>\n\t\t\t\t<\/div>\n\t\t","protected":false},"excerpt":{"rendered":"<p>Conselho de Administra\u00e7\u00e3o Membros do Conselho de Administra\u00e7\u00e3o: PresidenteCarlos Fernando Monteiro Lindenberg Neto (Caf\u00e9) AcionistaLet\u00edcia Lindenberg Conselheiro ExternoJo\u00e3o C\u00e9sar Lima Jr. Conselheiro ExternoJoaquim Ribeiro<\/p>\n","protected":false},"author":1,"featured_media":0,"parent":41,"menu_order":2,"comment_status":"closed","ping_status":"closed","template":"elementor_header_footer","meta":{"footnotes":""},"class_list":["post-402","page","type-page","status-publish","hentry"],"_links":{"self":[{"href":"https:\/\/lifebrand.com.br\/clientes\/gazeta\/wp-json\/wp\/v2\/pages\/402","targetHints":{"allow":["GET"]}}],"collection":[{"href":"https:\/\/lifebrand.com.br\/clientes\/gazeta\/wp-json\/wp\/v2\/pages"}],"about":[{"href":"https:\/\/lifebrand.com.br\/clientes\/gazeta\/wp-json\/wp\/v2\/types\/page"}],"author":[{"embeddable":true,"href":"https:\/\/lifebrand.com.br\/clientes\/gazeta\/wp-json\/wp\/v2\/users\/1"}],"replies":[{"embeddable":true,"href":"https:\/\/lifebrand.com.br\/clientes\/gazeta\/wp-json\/wp\/v2\/comments?post=402"}],"version-history":[{"count":15,"href":"https:\/\/lifebrand.com.br\/clientes\/gazeta\/wp-json\/wp\/v2\/pages\/402\/revisions"}],"predecessor-version":[{"id":1310,"href":"https:\/\/lifebrand.com.br\/clientes\/gazeta\/wp-json\/wp\/v2\/pages\/402\/revisions\/1310"}],"up":[{"embeddable":true,"href":"https:\/\/lifebrand.com.br\/clientes\/gazeta\/wp-json\/wp\/v2\/pages\/41"}],"wp:attachment":[{"href":"https:\/\/lifebrand.com.br\/clientes\/gazeta\/wp-json\/wp\/v2\/media?parent=402"}],"curies":[{"name":"wp","href":"https:\/\/api.w.org\/{rel}","templated":true}]}}