{"id":395,"date":"2024-11-23T14:19:24","date_gmt":"2024-11-23T17:19:24","guid":{"rendered":"http:\/\/lifebrand.com.br\/clientes\/gazeta\/?page_id=395"},"modified":"2025-02-26T22:10:32","modified_gmt":"2025-02-27T01:10:32","slug":"diretoria","status":"publish","type":"page","link":"https:\/\/lifebrand.com.br\/clientes\/gazeta\/nossa-empresa\/diretoria\/","title":{"rendered":"Diretoria"},"content":{"rendered":"\t\t<div data-elementor-type=\"wp-page\" data-elementor-id=\"395\" class=\"elementor elementor-395\" data-elementor-post-type=\"page\">\n\t\t\t\t<div class=\"elementor-element elementor-element-454a040 e-flex e-con-boxed e-con e-parent\" data-id=\"454a040\" data-element_type=\"container\" data-settings=\"{&quot;background_background&quot;:&quot;classic&quot;}\">\n\t\t\t\t\t<div class=\"e-con-inner\">\n\t\t\t\t<div class=\"elementor-element elementor-element-4d64377 elementor-widget elementor-widget-heading\" data-id=\"4d64377\" data-element_type=\"widget\" data-widget_type=\"heading.default\">\n\t\t\t\t\t<h1 class=\"elementor-heading-title elementor-size-default\">Diretoria<\/h1>\t\t\t\t<\/div>\n\t\t\t\t<div class=\"elementor-element elementor-element-10777f3 elementor-widget elementor-widget-text-editor\" data-id=\"10777f3\" data-element_type=\"widget\" data-widget_type=\"text-editor.default\">\n\t\t\t\t\t\t\t\t\t<p>A governan\u00e7a da empresa \u00e9 exercida por<br \/>um Conselho de Fam\u00edlia, um Conselho de<br \/>Administra\u00e7\u00e3o e um corpo de diretores.<\/p>\t\t\t\t\t\t\t\t<\/div>\n\t\t\t\t\t<\/div>\n\t\t\t\t<\/div>\n\t\t<div class=\"elementor-element elementor-element-bd2f332 e-flex e-con-boxed e-con e-parent\" data-id=\"bd2f332\" data-element_type=\"container\">\n\t\t\t\t\t<div class=\"e-con-inner\">\n\t\t\t\t<div class=\"elementor-element elementor-element-6beb92e elementor-widget elementor-widget-heading\" data-id=\"6beb92e\" data-element_type=\"widget\" data-widget_type=\"heading.default\">\n\t\t\t\t\t<h2 class=\"elementor-heading-title elementor-size-default\">Executivos<\/h2>\t\t\t\t<\/div>\n\t\t\t\t\t<\/div>\n\t\t\t\t<\/div>\n\t\t<div class=\"elementor-element elementor-element-ca3e85e e-flex e-con-boxed e-con e-parent\" data-id=\"ca3e85e\" data-element_type=\"container\">\n\t\t\t\t\t<div class=\"e-con-inner\">\n\t\t<div class=\"elementor-element elementor-element-9d9f1d8 e-con-full e-flex e-con e-child\" data-id=\"9d9f1d8\" data-element_type=\"container\">\n\t\t<div class=\"elementor-element elementor-element-86ce06d e-con-full e-flex e-con e-child\" data-id=\"86ce06d\" data-element_type=\"container\">\n\t\t\t\t<div class=\"elementor-element elementor-element-8cf45e2 elementor-widget elementor-widget-image\" data-id=\"8cf45e2\" data-element_type=\"widget\" data-widget_type=\"image.default\">\n\t\t\t\t\t\t\t\t\t\t\t\t\t\t\t<img fetchpriority=\"high\" decoding=\"async\" width=\"228\" height=\"229\" src=\"https:\/\/lifebrand.com.br\/clientes\/gazeta\/wp-content\/uploads\/2024\/11\/imagens_redegazeta_cafe.png\" class=\"attachment-full size-full wp-image-459\" alt=\"\" srcset=\"https:\/\/lifebrand.com.br\/clientes\/gazeta\/wp-content\/uploads\/2024\/11\/imagens_redegazeta_cafe.png 228w, https:\/\/lifebrand.com.br\/clientes\/gazeta\/wp-content\/uploads\/2024\/11\/imagens_redegazeta_cafe-150x150.png 150w\" sizes=\"(max-width: 228px) 100vw, 228px\" \/>\t\t\t\t\t\t\t\t\t\t\t\t\t\t\t<\/div>\n\t\t\t\t<div class=\"elementor-element elementor-element-a0cac93 elementor-widget elementor-widget-text-editor\" data-id=\"a0cac93\" data-element_type=\"widget\" data-widget_type=\"text-editor.default\">\n\t\t\t\t\t\t\t\t\t<ul><li><strong>Presidente<\/strong><br \/>Carlos Fernando Monteiro Lindenberg Neto (Caf\u00e9)<\/li><\/ul>\t\t\t\t\t\t\t\t<\/div>\n\t\t\t\t<\/div>\n\t\t<div class=\"elementor-element elementor-element-3a8f461 e-con-full e-flex e-con e-child\" data-id=\"3a8f461\" data-element_type=\"container\">\n\t\t\t\t<div class=\"elementor-element elementor-element-6150ada elementor-widget elementor-widget-image\" data-id=\"6150ada\" data-element_type=\"widget\" data-widget_type=\"image.default\">\n\t\t\t\t\t\t\t\t\t\t\t\t\t\t\t<img decoding=\"async\" width=\"228\" height=\"229\" src=\"https:\/\/lifebrand.com.br\/clientes\/gazeta\/wp-content\/uploads\/2024\/11\/imagens_redegazeta_marcello-moraes.png\" class=\"attachment-full size-full wp-image-475\" alt=\"\" srcset=\"https:\/\/lifebrand.com.br\/clientes\/gazeta\/wp-content\/uploads\/2024\/11\/imagens_redegazeta_marcello-moraes.png 228w, https:\/\/lifebrand.com.br\/clientes\/gazeta\/wp-content\/uploads\/2024\/11\/imagens_redegazeta_marcello-moraes-150x150.png 150w\" sizes=\"(max-width: 228px) 100vw, 228px\" \/>\t\t\t\t\t\t\t\t\t\t\t\t\t\t\t<\/div>\n\t\t\t\t<div class=\"elementor-element elementor-element-10b2409 elementor-widget elementor-widget-text-editor\" data-id=\"10b2409\" data-element_type=\"widget\" data-widget_type=\"text-editor.default\">\n\t\t\t\t\t\t\t\t\t<ul><li><strong>Diretor-geral<\/strong><br \/>Marcello Moraes<\/li><\/ul>\t\t\t\t\t\t\t\t<\/div>\n\t\t\t\t<\/div>\n\t\t<div class=\"elementor-element elementor-element-f95e251 e-con-full e-flex e-con e-child\" data-id=\"f95e251\" data-element_type=\"container\">\n\t\t\t\t<div class=\"elementor-element elementor-element-419f034 elementor-widget elementor-widget-image\" data-id=\"419f034\" data-element_type=\"widget\" data-widget_type=\"image.default\">\n\t\t\t\t\t\t\t\t\t\t\t\t\t\t\t<img decoding=\"async\" width=\"229\" height=\"229\" src=\"https:\/\/lifebrand.com.br\/clientes\/gazeta\/wp-content\/uploads\/2024\/11\/imagens_redegazeta_Abdo.png\" class=\"attachment-full size-full wp-image-476\" alt=\"\" srcset=\"https:\/\/lifebrand.com.br\/clientes\/gazeta\/wp-content\/uploads\/2024\/11\/imagens_redegazeta_Abdo.png 229w, https:\/\/lifebrand.com.br\/clientes\/gazeta\/wp-content\/uploads\/2024\/11\/imagens_redegazeta_Abdo-150x150.png 150w\" sizes=\"(max-width: 229px) 100vw, 229px\" \/>\t\t\t\t\t\t\t\t\t\t\t\t\t\t\t<\/div>\n\t\t\t\t<div class=\"elementor-element elementor-element-153e8b5 elementor-widget elementor-widget-text-editor\" data-id=\"153e8b5\" data-element_type=\"widget\" data-widget_type=\"text-editor.default\">\n\t\t\t\t\t\t\t\t\t<ul><li><strong>Diretor de Jornalismo<\/strong><br \/>Abdo Chequer<\/li><\/ul>\t\t\t\t\t\t\t\t<\/div>\n\t\t\t\t<\/div>\n\t\t<div class=\"elementor-element elementor-element-c7199aa e-con-full e-flex e-con e-child\" data-id=\"c7199aa\" data-element_type=\"container\">\n\t\t\t\t<div class=\"elementor-element elementor-element-c0554d0 elementor-widget elementor-widget-image\" data-id=\"c0554d0\" data-element_type=\"widget\" data-widget_type=\"image.default\">\n\t\t\t\t\t\t\t\t\t\t\t\t\t\t\t<img loading=\"lazy\" decoding=\"async\" width=\"229\" height=\"229\" src=\"https:\/\/lifebrand.com.br\/clientes\/gazeta\/wp-content\/uploads\/2024\/11\/imagens_redegazeta_Bruno-Passoni.png\" class=\"attachment-full size-full wp-image-477\" alt=\"\" srcset=\"https:\/\/lifebrand.com.br\/clientes\/gazeta\/wp-content\/uploads\/2024\/11\/imagens_redegazeta_Bruno-Passoni.png 229w, https:\/\/lifebrand.com.br\/clientes\/gazeta\/wp-content\/uploads\/2024\/11\/imagens_redegazeta_Bruno-Passoni-150x150.png 150w\" sizes=\"(max-width: 229px) 100vw, 229px\" \/>\t\t\t\t\t\t\t\t\t\t\t\t\t\t\t<\/div>\n\t\t\t\t<div class=\"elementor-element elementor-element-f2c25de elementor-widget elementor-widget-text-editor\" data-id=\"f2c25de\" data-element_type=\"widget\" data-widget_type=\"text-editor.default\">\n\t\t\t\t\t\t\t\t\t<ul><li><strong>Diretor de Mercado<\/strong> <br \/>Bruno Passoni<\/li><\/ul>\t\t\t\t\t\t\t\t<\/div>\n\t\t\t\t<\/div>\n\t\t<div class=\"elementor-element elementor-element-9f160a5 e-con-full e-flex e-con e-child\" data-id=\"9f160a5\" data-element_type=\"container\">\n\t\t\t\t<div class=\"elementor-element elementor-element-6657277 elementor-widget elementor-widget-image\" data-id=\"6657277\" data-element_type=\"widget\" data-widget_type=\"image.default\">\n\t\t\t\t\t\t\t\t\t\t\t\t\t\t\t<img loading=\"lazy\" decoding=\"async\" width=\"229\" height=\"229\" src=\"https:\/\/lifebrand.com.br\/clientes\/gazeta\/wp-content\/uploads\/2024\/11\/imagens_redegazeta_Helder_Luciano.png\" class=\"attachment-full size-full wp-image-478\" alt=\"\" srcset=\"https:\/\/lifebrand.com.br\/clientes\/gazeta\/wp-content\/uploads\/2024\/11\/imagens_redegazeta_Helder_Luciano.png 229w, https:\/\/lifebrand.com.br\/clientes\/gazeta\/wp-content\/uploads\/2024\/11\/imagens_redegazeta_Helder_Luciano-150x150.png 150w\" sizes=\"(max-width: 229px) 100vw, 229px\" \/>\t\t\t\t\t\t\t\t\t\t\t\t\t\t\t<\/div>\n\t\t\t\t<div class=\"elementor-element elementor-element-61539d3 elementor-widget elementor-widget-text-editor\" data-id=\"61539d3\" data-element_type=\"widget\" data-widget_type=\"text-editor.default\">\n\t\t\t\t\t\t\t\t\t<ul><li><strong>Diretor de Administra\u00e7\u00e3o e Recursos Humanos<\/strong><br \/>Helder Luciano de Oliveira<\/li><\/ul>\t\t\t\t\t\t\t\t<\/div>\n\t\t\t\t<\/div>\n\t\t<div class=\"elementor-element elementor-element-3057323 e-con-full e-flex e-con e-child\" data-id=\"3057323\" data-element_type=\"container\">\n\t\t\t\t<div class=\"elementor-element elementor-element-6355be3 elementor-widget elementor-widget-image\" data-id=\"6355be3\" data-element_type=\"widget\" data-widget_type=\"image.default\">\n\t\t\t\t\t\t\t\t\t\t\t\t\t\t\t<img loading=\"lazy\" decoding=\"async\" width=\"229\" height=\"229\" src=\"https:\/\/lifebrand.com.br\/clientes\/gazeta\/wp-content\/uploads\/2024\/11\/imagens_redegazeta_Eduardo_Lindenberg.png\" class=\"attachment-full size-full wp-image-479\" alt=\"\" srcset=\"https:\/\/lifebrand.com.br\/clientes\/gazeta\/wp-content\/uploads\/2024\/11\/imagens_redegazeta_Eduardo_Lindenberg.png 229w, https:\/\/lifebrand.com.br\/clientes\/gazeta\/wp-content\/uploads\/2024\/11\/imagens_redegazeta_Eduardo_Lindenberg-150x150.png 150w\" sizes=\"(max-width: 229px) 100vw, 229px\" \/>\t\t\t\t\t\t\t\t\t\t\t\t\t\t\t<\/div>\n\t\t\t\t<div class=\"elementor-element elementor-element-07393ea elementor-widget elementor-widget-text-editor\" data-id=\"07393ea\" data-element_type=\"widget\" data-widget_type=\"text-editor.default\">\n\t\t\t\t\t\t\t\t\t<ul><li><strong>Diretor de Inova\u00e7\u00e3o e Novos Neg\u00f3cios<\/strong><br \/>Eduardo Lindenberg<\/li><\/ul>\t\t\t\t\t\t\t\t<\/div>\n\t\t\t\t<\/div>\n\t\t<div class=\"elementor-element elementor-element-3635022 e-con-full e-flex e-con e-child\" data-id=\"3635022\" data-element_type=\"container\">\n\t\t\t\t<div class=\"elementor-element elementor-element-d02dd38 elementor-widget elementor-widget-image\" data-id=\"d02dd38\" data-element_type=\"widget\" data-widget_type=\"image.default\">\n\t\t\t\t\t\t\t\t\t\t\t\t\t\t\t<img loading=\"lazy\" decoding=\"async\" width=\"229\" height=\"229\" src=\"https:\/\/lifebrand.com.br\/clientes\/gazeta\/wp-content\/uploads\/2024\/11\/imagens_redegazeta_gabriel_moura.png\" class=\"attachment-full size-full wp-image-480\" alt=\"\" srcset=\"https:\/\/lifebrand.com.br\/clientes\/gazeta\/wp-content\/uploads\/2024\/11\/imagens_redegazeta_gabriel_moura.png 229w, https:\/\/lifebrand.com.br\/clientes\/gazeta\/wp-content\/uploads\/2024\/11\/imagens_redegazeta_gabriel_moura-150x150.png 150w\" sizes=\"(max-width: 229px) 100vw, 229px\" \/>\t\t\t\t\t\t\t\t\t\t\t\t\t\t\t<\/div>\n\t\t\t\t<div class=\"elementor-element elementor-element-8af1c8d elementor-widget elementor-widget-text-editor\" data-id=\"8af1c8d\" data-element_type=\"widget\" data-widget_type=\"text-editor.default\">\n\t\t\t\t\t\t\t\t\t<ul><li><p><strong>Diretor de Tecnologia e Opera\u00e7\u00f5es<\/strong><br \/>Gabriel Moura<\/p><\/li><\/ul>\t\t\t\t\t\t\t\t<\/div>\n\t\t\t\t<\/div>\n\t\t<div class=\"elementor-element elementor-element-8f19859 e-con-full e-flex e-con e-child\" data-id=\"8f19859\" data-element_type=\"container\">\n\t\t\t\t<div class=\"elementor-element elementor-element-79cfa07 elementor-widget elementor-widget-image\" data-id=\"79cfa07\" data-element_type=\"widget\" data-widget_type=\"image.default\">\n\t\t\t\t\t\t\t\t\t\t\t\t\t\t\t<img loading=\"lazy\" decoding=\"async\" width=\"229\" height=\"229\" src=\"https:\/\/lifebrand.com.br\/clientes\/gazeta\/wp-content\/uploads\/2024\/11\/imagens_redegazeta_maria_helena_vargas.png\" class=\"attachment-full size-full wp-image-481\" alt=\"\" srcset=\"https:\/\/lifebrand.com.br\/clientes\/gazeta\/wp-content\/uploads\/2024\/11\/imagens_redegazeta_maria_helena_vargas.png 229w, https:\/\/lifebrand.com.br\/clientes\/gazeta\/wp-content\/uploads\/2024\/11\/imagens_redegazeta_maria_helena_vargas-150x150.png 150w\" sizes=\"(max-width: 229px) 100vw, 229px\" \/>\t\t\t\t\t\t\t\t\t\t\t\t\t\t\t<\/div>\n\t\t\t\t<div class=\"elementor-element elementor-element-f811241 elementor-widget elementor-widget-text-editor\" data-id=\"f811241\" data-element_type=\"widget\" data-widget_type=\"text-editor.default\">\n\t\t\t\t\t\t\t\t\t<ul><li><p><strong>Diretora Regional<\/strong><br \/>Maria Helena Vargas<\/p><\/li><\/ul>\t\t\t\t\t\t\t\t<\/div>\n\t\t\t\t<\/div>\n\t\t\t\t<\/div>\n\t\t<div class=\"elementor-element elementor-element-9f300d9 e-con-full e-flex e-con e-child\" data-id=\"9f300d9\" data-element_type=\"container\">\n\t\t\t\t<div class=\"elementor-element elementor-element-8cb0d1d elementor-widget elementor-widget-shortcode\" data-id=\"8cb0d1d\" data-element_type=\"widget\" data-widget_type=\"shortcode.default\">\n\t\t\t\t\t\t\t<div class=\"elementor-shortcode\">\t\t<div data-elementor-type=\"container\" data-elementor-id=\"434\" class=\"elementor elementor-434\" data-elementor-post-type=\"elementor_library\">\n\t\t\t\t<div class=\"elementor-element elementor-element-51b5ea7 e-flex e-con-boxed e-con e-parent\" data-id=\"51b5ea7\" data-element_type=\"container\">\n\t\t\t\t\t<div class=\"e-con-inner\">\n\t\t\t\t<div class=\"elementor-element elementor-element-ecabf95 elementor-align-justify elementor-widget elementor-widget-button\" data-id=\"ecabf95\" data-element_type=\"widget\" data-widget_type=\"button.default\">\n\t\t\t\t\t\t\t\t\t\t<a class=\"elementor-button elementor-button-link elementor-size-sm\" href=\"http:\/\/lifebrand.com.br\/clientes\/gazeta\/nossa-empresa\/diretoria\/\">\n\t\t\t\t\t\t<span class=\"elementor-button-content-wrapper\">\n\t\t\t\t\t\t\t\t\t<span class=\"elementor-button-text\">Diret\u00f3ria<\/span>\n\t\t\t\t\t<\/span>\n\t\t\t\t\t<\/a>\n\t\t\t\t\t\t\t\t<\/div>\n\t\t\t\t<div class=\"elementor-element elementor-element-8d4e125 elementor-align-justify elementor-tablet-align-justify elementor-widget elementor-widget-button\" data-id=\"8d4e125\" data-element_type=\"widget\" data-widget_type=\"button.default\">\n\t\t\t\t\t\t\t\t\t\t<a class=\"elementor-button elementor-button-link elementor-size-sm\" href=\"http:\/\/lifebrand.com.br\/clientes\/gazeta\/nossa-empresa\/conselho-de-administracao\/\">\n\t\t\t\t\t\t<span class=\"elementor-button-content-wrapper\">\n\t\t\t\t\t\t\t\t\t<span class=\"elementor-button-text\">Conselho de Administra\u00e7\u00e3o<\/span>\n\t\t\t\t\t<\/span>\n\t\t\t\t\t<\/a>\n\t\t\t\t\t\t\t\t<\/div>\n\t\t\t\t<div class=\"elementor-element elementor-element-1367dc1 elementor-align-justify elementor-widget elementor-widget-button\" data-id=\"1367dc1\" data-element_type=\"widget\" data-widget_type=\"button.default\">\n\t\t\t\t\t\t\t\t\t\t<a class=\"elementor-button elementor-button-link elementor-size-sm\" href=\"http:\/\/lifebrand.com.br\/clientes\/gazeta\/nossa-empresa\/missao-visao-e-valores\/\">\n\t\t\t\t\t\t<span class=\"elementor-button-content-wrapper\">\n\t\t\t\t\t\t\t\t\t<span class=\"elementor-button-text\">Miss\u00e3o, Vis\u00e3o e Valores<\/span>\n\t\t\t\t\t<\/span>\n\t\t\t\t\t<\/a>\n\t\t\t\t\t\t\t\t<\/div>\n\t\t\t\t<div class=\"elementor-element elementor-element-b9f4d1f elementor-align-justify elementor-widget elementor-widget-button\" data-id=\"b9f4d1f\" data-element_type=\"widget\" data-widget_type=\"button.default\">\n\t\t\t\t\t\t\t\t\t\t<a class=\"elementor-button elementor-button-link elementor-size-sm\" href=\"https:\/\/www.redegazeta.com.br\/wp-content\/uploads\/2023\/04\/Rede-de-Valores-DIGITAL-FINAL.pdf\" target=\"_blank\" rel=\"nofollow\">\n\t\t\t\t\t\t<span class=\"elementor-button-content-wrapper\">\n\t\t\t\t\t\t\t\t\t<span class=\"elementor-button-text\">C\u00f3digo de \u00c9tica<\/span>\n\t\t\t\t\t<\/span>\n\t\t\t\t\t<\/a>\n\t\t\t\t\t\t\t\t<\/div>\n\t\t\t\t<div class=\"elementor-element elementor-element-f8c0997 elementor-align-justify elementor-widget elementor-widget-button\" data-id=\"f8c0997\" data-element_type=\"widget\" data-widget_type=\"button.default\">\n\t\t\t\t\t\t\t\t\t\t<a class=\"elementor-button elementor-button-link elementor-size-sm\" href=\"https:\/\/www.redegazeta.com.br\/wp-content\/uploads\/2023\/05\/Princi%CC%81pios-Editoriais-e-Comerciais-DIGITAL-FINAL-1.pdf\" target=\"_blank\" rel=\"nofollow\">\n\t\t\t\t\t\t<span class=\"elementor-button-content-wrapper\">\n\t\t\t\t\t\t\t\t\t<span class=\"elementor-button-text\">Princi\u0301pios Editoriais e Comerciais<\/span>\n\t\t\t\t\t<\/span>\n\t\t\t\t\t<\/a>\n\t\t\t\t\t\t\t\t<\/div>\n\t\t\t\t<div class=\"elementor-element elementor-element-71f22cc elementor-align-justify elementor-widget elementor-widget-button\" data-id=\"71f22cc\" data-element_type=\"widget\" data-widget_type=\"button.default\">\n\t\t\t\t\t\t\t\t\t\t<a class=\"elementor-button elementor-button-link elementor-size-sm\" href=\"http:\/\/lifebrand.com.br\/clientes\/gazeta\/nossa-empresa\/relatorio-salarial\/\">\n\t\t\t\t\t\t<span class=\"elementor-button-content-wrapper\">\n\t\t\t\t\t\t\t\t\t<span class=\"elementor-button-text\">Relat\u00f3rio Salarial<\/span>\n\t\t\t\t\t<\/span>\n\t\t\t\t\t<\/a>\n\t\t\t\t\t\t\t\t<\/div>\n\t\t\t\t<div class=\"elementor-element elementor-element-4aa221e elementor-align-justify elementor-widget elementor-widget-button\" data-id=\"4aa221e\" data-element_type=\"widget\" data-widget_type=\"button.default\">\n\t\t\t\t\t\t\t\t\t\t<a class=\"elementor-button elementor-button-link elementor-size-sm\" href=\"http:\/\/lifebrand.com.br\/clientes\/gazeta\/nossa-empresa\/uso-do-auditorio\/\">\n\t\t\t\t\t\t<span class=\"elementor-button-content-wrapper\">\n\t\t\t\t\t\t\t\t\t<span class=\"elementor-button-text\">Uso do audit\u00f3rio<\/span>\n\t\t\t\t\t<\/span>\n\t\t\t\t\t<\/a>\n\t\t\t\t\t\t\t\t<\/div>\n\t\t\t\t<div class=\"elementor-element elementor-element-6a0905d elementor-align-justify elementor-widget elementor-widget-button\" data-id=\"6a0905d\" data-element_type=\"widget\" data-widget_type=\"button.default\">\n\t\t\t\t\t\t\t\t\t\t<a class=\"elementor-button elementor-button-link elementor-size-sm\" href=\"http:\/\/lifebrand.com.br\/clientes\/gazeta\/nossa-empresa\/pesquise-o-acervo\/\">\n\t\t\t\t\t\t<span class=\"elementor-button-content-wrapper\">\n\t\t\t\t\t\t\t\t\t<span class=\"elementor-button-text\">Pesquise o acervo<\/span>\n\t\t\t\t\t<\/span>\n\t\t\t\t\t<\/a>\n\t\t\t\t\t\t\t\t<\/div>\n\t\t\t\t<div class=\"elementor-element elementor-element-fdda8b4 elementor-align-justify elementor-widget elementor-widget-button\" data-id=\"fdda8b4\" data-element_type=\"widget\" data-widget_type=\"button.default\">\n\t\t\t\t\t\t\t\t\t\t<a class=\"elementor-button elementor-button-link elementor-size-sm\" href=\"http:\/\/lifebrand.com.br\/clientes\/gazeta\/fale-conosco\/\">\n\t\t\t\t\t\t<span class=\"elementor-button-content-wrapper\">\n\t\t\t\t\t\t\t\t\t<span class=\"elementor-button-text\">Fale Conosco<\/span>\n\t\t\t\t\t<\/span>\n\t\t\t\t\t<\/a>\n\t\t\t\t\t\t\t\t<\/div>\n\t\t\t\t<div class=\"elementor-element elementor-element-68d037a elementor-align-justify elementor-widget elementor-widget-button\" data-id=\"68d037a\" data-element_type=\"widget\" data-widget_type=\"button.default\">\n\t\t\t\t\t\t\t\t\t\t<a class=\"elementor-button elementor-button-link elementor-size-sm\" href=\"http:\/\/lifebrand.com.br\/clientes\/gazeta\/visite-a-rede-gazeta\/\">\n\t\t\t\t\t\t<span class=\"elementor-button-content-wrapper\">\n\t\t\t\t\t\t\t\t\t<span class=\"elementor-button-text\">Visite a Rede Gazeta<\/span>\n\t\t\t\t\t<\/span>\n\t\t\t\t\t<\/a>\n\t\t\t\t\t\t\t\t<\/div>\n\t\t\t\t\t<\/div>\n\t\t\t\t<\/div>\n\t\t\t\t<\/div>\n\t\t<\/div>\n\t\t\t\t\t\t<\/div>\n\t\t\t\t<\/div>\n\t\t\t\t\t<\/div>\n\t\t\t\t<\/div>\n\t\t\t\t<\/div>\n\t\t","protected":false},"excerpt":{"rendered":"<p>Diretoria A governan\u00e7a da empresa \u00e9 exercida porum Conselho de Fam\u00edlia, um Conselho deAdministra\u00e7\u00e3o e um corpo de diretores. Executivos PresidenteCarlos Fernando Monteiro Lindenberg Neto (Caf\u00e9) Diretor-geralMarcello Moraes Diretor de JornalismoAbdo Chequer Diretor de Mercado Bruno Passoni Diretor de Administra\u00e7\u00e3o e Recursos HumanosHelder Luciano de Oliveira Diretor de Inova\u00e7\u00e3o e Novos Neg\u00f3ciosEduardo Lindenberg Diretor de [&hellip;]<\/p>\n","protected":false},"author":1,"featured_media":0,"parent":41,"menu_order":1,"comment_status":"closed","ping_status":"closed","template":"elementor_header_footer","meta":{"footnotes":""},"class_list":["post-395","page","type-page","status-publish","hentry"],"_links":{"self":[{"href":"https:\/\/lifebrand.com.br\/clientes\/gazeta\/wp-json\/wp\/v2\/pages\/395","targetHints":{"allow":["GET"]}}],"collection":[{"href":"https:\/\/lifebrand.com.br\/clientes\/gazeta\/wp-json\/wp\/v2\/pages"}],"about":[{"href":"https:\/\/lifebrand.com.br\/clientes\/gazeta\/wp-json\/wp\/v2\/types\/page"}],"author":[{"embeddable":true,"href":"https:\/\/lifebrand.com.br\/clientes\/gazeta\/wp-json\/wp\/v2\/users\/1"}],"replies":[{"embeddable":true,"href":"https:\/\/lifebrand.com.br\/clientes\/gazeta\/wp-json\/wp\/v2\/comments?post=395"}],"version-history":[{"count":39,"href":"https:\/\/lifebrand.com.br\/clientes\/gazeta\/wp-json\/wp\/v2\/pages\/395\/revisions"}],"predecessor-version":[{"id":1309,"href":"https:\/\/lifebrand.com.br\/clientes\/gazeta\/wp-json\/wp\/v2\/pages\/395\/revisions\/1309"}],"up":[{"embeddable":true,"href":"https:\/\/lifebrand.com.br\/clientes\/gazeta\/wp-json\/wp\/v2\/pages\/41"}],"wp:attachment":[{"href":"https:\/\/lifebrand.com.br\/clientes\/gazeta\/wp-json\/wp\/v2\/media?parent=395"}],"curies":[{"name":"wp","href":"https:\/\/api.w.org\/{rel}","templated":true}]}}